{"id":220,"date":"2022-06-01T10:59:00","date_gmt":"2022-06-01T08:59:00","guid":{"rendered":"http:\/\/thegov.wgl-demo.net\/?page_id=220"},"modified":"2024-10-27T15:22:48","modified_gmt":"2024-10-27T14:22:48","slug":"home-1","status":"publish","type":"page","link":"https:\/\/netzwerkquierschied.de\/","title":{"rendered":"Home"},"content":{"rendered":"\t\t<div data-elementor-type=\"wp-page\" data-elementor-id=\"220\" class=\"elementor elementor-220\" data-elementor-post-type=\"page\">\n\t\t\t\t\t\t<section class=\"elementor-section elementor-top-section elementor-element elementor-element-5c49566a elementor-section-boxed elementor-section-height-default elementor-section-height-default\" data-id=\"5c49566a\" data-element_type=\"section\">\n\t\t\t\t\t\t<div class=\"elementor-container elementor-column-gap-default\">\n\t\t\t\t\t<div class=\"elementor-column elementor-col-100 elementor-top-column elementor-element elementor-element-1a34f557\" data-id=\"1a34f557\" data-element_type=\"column\">\n\t\t\t<div class=\"elementor-widget-wrap elementor-element-populated\">\n\t\t\t\t\t\t<div class=\"elementor-element elementor-element-54c4c4ef elementor-widget elementor-widget-text-editor\" data-id=\"54c4c4ef\" data-element_type=\"widget\" data-widget_type=\"text-editor.default\">\n\t\t\t\t<div class=\"elementor-widget-container\">\n\t\t\t\t\t\t\t<h2><span style=\"color: #ffffff;\">Mach mit bei unserer B\u00fcrgerinitiative<\/span><\/h2>\t\t\t\t\t\t<\/div>\n\t\t\t\t<\/div>\n\t\t\t\t\t<\/div>\n\t\t<\/div>\n\t\t\t\t\t<\/div>\n\t\t<\/section>\n\t\t\t\t<section class=\"elementor-section elementor-top-section elementor-element elementor-element-4ae3894 elementor-section-boxed elementor-section-height-default elementor-section-height-default\" data-id=\"4ae3894\" data-element_type=\"section\">\n\t\t\t\t\t\t<div class=\"elementor-container elementor-column-gap-default\">\n\t\t\t\t\t<div class=\"elementor-column elementor-col-100 elementor-top-column elementor-element elementor-element-d09970b\" data-id=\"d09970b\" data-element_type=\"column\">\n\t\t\t<div class=\"elementor-widget-wrap elementor-element-populated\">\n\t\t\t\t\t\t<div class=\"elementor-element elementor-element-4c545c2 elementor-widget elementor-widget-image\" data-id=\"4c545c2\" data-element_type=\"widget\" data-widget_type=\"image.default\">\n\t\t\t\t<div class=\"elementor-widget-container\">\n\t\t\t\t\t\t\t\t\t\t\t\t\t<img fetchpriority=\"high\" decoding=\"async\" width=\"580\" height=\"649\" src=\"https:\/\/netzwerkquierschied.de\/wp-content\/uploads\/2024\/06\/Netzwerk-Quierschied-logo.jpg\" class=\"attachment-medium_large size-medium_large wp-image-2730\" alt=\"\" srcset=\"https:\/\/netzwerkquierschied.de\/wp-content\/uploads\/2024\/06\/Netzwerk-Quierschied-logo.jpg 744w, https:\/\/netzwerkquierschied.de\/wp-content\/uploads\/2024\/06\/Netzwerk-Quierschied-logo-268x300.jpg 268w\" sizes=\"(max-width: 580px) 100vw, 580px\" \/>\t\t\t\t\t\t\t\t\t\t\t\t\t<\/div>\n\t\t\t\t<\/div>\n\t\t\t\t\t<\/div>\n\t\t<\/div>\n\t\t\t\t\t<\/div>\n\t\t<\/section>\n\t\t\t\t<section class=\"elementor-section elementor-top-section elementor-element elementor-element-17d548e elementor-section-boxed elementor-section-height-default elementor-section-height-default\" data-id=\"17d548e\" data-element_type=\"section\">\n\t\t\t\t\t\t<div class=\"elementor-container elementor-column-gap-default\">\n\t\t\t\t\t<div class=\"elementor-column elementor-col-100 elementor-top-column elementor-element elementor-element-43460bd\" data-id=\"43460bd\" data-element_type=\"column\">\n\t\t\t<div class=\"elementor-widget-wrap elementor-element-populated\">\n\t\t\t\t\t\t<div class=\"elementor-element elementor-element-c271803 elementor-widget elementor-widget-text-editor\" data-id=\"c271803\" data-element_type=\"widget\" data-widget_type=\"text-editor.default\">\n\t\t\t\t<div class=\"elementor-widget-container\">\n\t\t\t\t\t\t\t<p><span style=\"color: #ffffff;\"><strong>Das Netzwerk Quierschied ist eine B\u00fcrgerinitiative, die das Ziel hat, das Zusammenleben in Quierschied zu verbessern durch ein wachsendes Netzwerk von B\u00fcrgern f\u00fcr B\u00fcrger.<\/strong><\/span><\/p><p><span style=\"color: #ffffff;\"><strong>Gegr\u00fcndet wurde es 2021 von einigen Initiatoren, die der wachsenden Isolation und den negativen Folgen w\u00e4hrend der Covid19-Pandemie etwas Positives entgegensetzen wollten.\u00a0 Zun\u00e4chst wurden den Corona-Abstandsregeln geschuldete Wald-Spazierg\u00e4nge durchgef\u00fchrt und virtuelle Kaminabende veranstaltet. Auf diese Weise begann eine Vernetzung mit den verschiedensten Quierschieder Akteuren, die bis heute w\u00e4chst und w\u00e4chst.\u00a0<\/strong><\/span><\/p><p><span style=\"color: #ffffff;\"><strong>Sobald es wieder m\u00f6glich war, wurden die Kaminabende ins Paulsburger Caf\u00e9st\u00fcbchen an einen echten Kamin verlagert. Auch traf man sich in der Folge in anderen Lokalit\u00e4ten, wie dem Caf\u00e9 Noel, dem Al Bacio, der Gemeindeb\u00fccherei und im Nebenraum der Jahnturnhalle in Susannes Bistro. Dabei kristallisierte sich immer mehr der Wunsch heraus, ein eigenes Zuhause f\u00fcr die gemeinsamen Aktivit\u00e4ten zu haben.\u00a0<\/strong><\/span><\/p><p><span style=\"color: #ffffff;\"><strong>Denn diese vergr\u00f6\u00dferten und vervielf\u00e4ltigten sich mit der zunehmenden Vernetzung durch den Ideen-Input der unterschiedlichen Akteure. Die erste gr\u00f6\u00dfere Aktion war &#8211; in Kooperation mit Sch\u00fclern der Gemeinschaftsschule Quierschied &#8211; die Handysammelaktion, welche dem Recycling zugef\u00fchrt wurden. Inzwischen gab es vielf\u00e4ltige Aktivit\u00e4ten auch mit anderen Gruppen und Akteuren, wie z.B. dem Reparaturzirkel, der Gruppe Sauberes Quierschied, der Bahai-Gruppe Quierschied, der ukrainischen Community in Quierschied sowie neuerdings auch mit der Lebensmittelrettung Saar und dem VdK Quierschied.\u00a0<\/strong><\/span><\/p><p><span style=\"color: #ffffff;\"><strong>All diese und zuk\u00fcnftige Aktivit\u00e4ten haben seit dem 11.04.2024 ein Zuhause bekommen<\/strong><\/span><\/p>\t\t\t\t\t\t<\/div>\n\t\t\t\t<\/div>\n\t\t\t\t\t<\/div>\n\t\t<\/div>\n\t\t\t\t\t<\/div>\n\t\t<\/section>\n\t\t\t\t<section class=\"elementor-section elementor-top-section elementor-element elementor-element-ca20abd elementor-section-boxed elementor-section-height-default elementor-section-height-default\" data-id=\"ca20abd\" data-element_type=\"section\">\n\t\t\t\t\t\t<div class=\"elementor-container elementor-column-gap-default\">\n\t\t\t\t\t<div class=\"elementor-column elementor-col-100 elementor-top-column elementor-element elementor-element-0c8dc08\" data-id=\"0c8dc08\" data-element_type=\"column\">\n\t\t\t<div class=\"elementor-widget-wrap elementor-element-populated\">\n\t\t\t\t\t\t<div class=\"elementor-element elementor-element-266181d elementor-widget elementor-widget-image\" data-id=\"266181d\" data-element_type=\"widget\" data-widget_type=\"image.default\">\n\t\t\t\t<div class=\"elementor-widget-container\">\n\t\t\t\t\t\t\t\t\t\t\t\t\t<img decoding=\"async\" width=\"580\" height=\"409\" src=\"https:\/\/netzwerkquierschied.de\/wp-content\/uploads\/2024\/06\/TreffpunktMensch_Final_JPEG-768x541.jpg\" class=\"attachment-medium_large size-medium_large wp-image-2735\" alt=\"\" srcset=\"https:\/\/netzwerkquierschied.de\/wp-content\/uploads\/2024\/06\/TreffpunktMensch_Final_JPEG-768x541.jpg 768w, https:\/\/netzwerkquierschied.de\/wp-content\/uploads\/2024\/06\/TreffpunktMensch_Final_JPEG-300x211.jpg 300w, https:\/\/netzwerkquierschied.de\/wp-content\/uploads\/2024\/06\/TreffpunktMensch_Final_JPEG-1024x722.jpg 1024w, https:\/\/netzwerkquierschied.de\/wp-content\/uploads\/2024\/06\/TreffpunktMensch_Final_JPEG-1536x1083.jpg 1536w, https:\/\/netzwerkquierschied.de\/wp-content\/uploads\/2024\/06\/TreffpunktMensch_Final_JPEG-2048x1444.jpg 2048w\" sizes=\"(max-width: 580px) 100vw, 580px\" \/>\t\t\t\t\t\t\t\t\t\t\t\t\t<\/div>\n\t\t\t\t<\/div>\n\t\t\t\t\t<\/div>\n\t\t<\/div>\n\t\t\t\t\t<\/div>\n\t\t<\/section>\n\t\t\t\t<\/div>\n\t\t","protected":false},"excerpt":{"rendered":"<p>Mach mit bei unserer B\u00fcrgerinitiative Das Netzwerk Quierschied ist eine B\u00fcrgerinitiative, die das Ziel hat, das Zusammenleben in Quierschied zu verbessern durch ein wachsendes Netzwerk von B\u00fcrgern f\u00fcr B\u00fcrger. Gegr\u00fcndet wurde es 2021 von einigen Initiatoren, die der wachsenden Isolation und den negativen Folgen w\u00e4hrend der Covid19-Pandemie etwas Positives entgegensetzen wollten.\u00a0 Zun\u00e4chst wurden den Corona-Abstandsregeln [&hellip;]<\/p>\n","protected":false},"author":2,"featured_media":3434,"parent":0,"menu_order":0,"comment_status":"closed","ping_status":"closed","template":"","meta":{"footnotes":""},"class_list":["post-220","page","type-page","status-publish","has-post-thumbnail","hentry"],"_links":{"self":[{"href":"https:\/\/netzwerkquierschied.de\/index.php?rest_route=\/wp\/v2\/pages\/220","targetHints":{"allow":["GET"]}}],"collection":[{"href":"https:\/\/netzwerkquierschied.de\/index.php?rest_route=\/wp\/v2\/pages"}],"about":[{"href":"https:\/\/netzwerkquierschied.de\/index.php?rest_route=\/wp\/v2\/types\/page"}],"author":[{"embeddable":true,"href":"https:\/\/netzwerkquierschied.de\/index.php?rest_route=\/wp\/v2\/users\/2"}],"replies":[{"embeddable":true,"href":"https:\/\/netzwerkquierschied.de\/index.php?rest_route=%2Fwp%2Fv2%2Fcomments&post=220"}],"version-history":[{"count":143,"href":"https:\/\/netzwerkquierschied.de\/index.php?rest_route=\/wp\/v2\/pages\/220\/revisions"}],"predecessor-version":[{"id":3135,"href":"https:\/\/netzwerkquierschied.de\/index.php?rest_route=\/wp\/v2\/pages\/220\/revisions\/3135"}],"wp:featuredmedia":[{"embeddable":true,"href":"https:\/\/netzwerkquierschied.de\/index.php?rest_route=\/wp\/v2\/media\/3434"}],"wp:attachment":[{"href":"https:\/\/netzwerkquierschied.de\/index.php?rest_route=%2Fwp%2Fv2%2Fmedia&parent=220"}],"curies":[{"name":"wp","href":"https:\/\/api.w.org\/{rel}","templated":true}]}}