{"id":2393,"date":"2022-06-29T11:46:32","date_gmt":"2022-06-29T09:46:32","guid":{"rendered":"https:\/\/netzwerkquierschied.de\/?page_id=2393"},"modified":"2024-10-27T17:02:39","modified_gmt":"2024-10-27T16:02:39","slug":"ztest-seite","status":"publish","type":"page","link":"https:\/\/netzwerkquierschied.de\/?page_id=2393","title":{"rendered":"\u00dcber uns"},"content":{"rendered":"\t\t<div data-elementor-type=\"wp-page\" data-elementor-id=\"2393\" class=\"elementor elementor-2393\" data-elementor-post-type=\"page\">\n\t\t\t\t\t\t<section class=\"elementor-section elementor-top-section elementor-element elementor-element-49be519c elementor-section-boxed elementor-section-height-default elementor-section-height-default\" data-id=\"49be519c\" data-element_type=\"section\">\n\t\t\t\t\t\t<div class=\"elementor-container elementor-column-gap-no\">\n\t\t\t\t\t<div class=\"elementor-column elementor-col-100 elementor-top-column elementor-element elementor-element-74ae9870\" data-id=\"74ae9870\" data-element_type=\"column\">\n\t\t\t<div class=\"elementor-widget-wrap elementor-element-populated\">\n\t\t\t\t\t\t<section class=\"elementor-section elementor-inner-section elementor-element elementor-element-1986da29 elementor-section-boxed elementor-section-height-default elementor-section-height-default\" data-id=\"1986da29\" data-element_type=\"section\">\n\t\t\t\t\t\t<div class=\"elementor-container elementor-column-gap-default\">\n\t\t\t\t\t<div class=\"elementor-column elementor-col-50 elementor-inner-column elementor-element elementor-element-c1309e\" data-id=\"c1309e\" data-element_type=\"column\">\n\t\t\t<div class=\"elementor-widget-wrap\">\n\t\t\t\t\t\t\t<\/div>\n\t\t<\/div>\n\t\t\t\t<div class=\"elementor-column elementor-col-50 elementor-inner-column elementor-element elementor-element-5082df6b\" data-id=\"5082df6b\" data-element_type=\"column\">\n\t\t\t<div class=\"elementor-widget-wrap\">\n\t\t\t\t\t\t\t<\/div>\n\t\t<\/div>\n\t\t\t\t\t<\/div>\n\t\t<\/section>\n\t\t\t\t\t<\/div>\n\t\t<\/div>\n\t\t\t\t\t<\/div>\n\t\t<\/section>\n\t\t\t\t<section class=\"elementor-section elementor-top-section elementor-element elementor-element-55a7fab7 elementor-section-boxed elementor-section-height-default elementor-section-height-default\" data-id=\"55a7fab7\" data-element_type=\"section\">\n\t\t\t\t\t\t<div class=\"elementor-container elementor-column-gap-default\">\n\t\t\t\t\t<div class=\"elementor-column elementor-col-100 elementor-top-column elementor-element elementor-element-6fae9f3f\" data-id=\"6fae9f3f\" data-element_type=\"column\">\n\t\t\t<div class=\"elementor-widget-wrap elementor-element-populated\">\n\t\t\t\t\t\t<div class=\"elementor-element elementor-element-93eb504 elementor-widget elementor-widget-heading\" data-id=\"93eb504\" data-element_type=\"widget\" data-widget_type=\"heading.default\">\n\t\t\t\t<div class=\"elementor-widget-container\">\n\t\t\t<h2 class=\"elementor-heading-title elementor-size-default\"><br>Es gibt nichts Gutes, au\u00dfer man tut es...<\/h2>\t\t<\/div>\n\t\t\t\t<\/div>\n\t\t\t\t<div class=\"elementor-element elementor-element-f3efad4 elementor-widget elementor-widget-text-editor\" data-id=\"f3efad4\" data-element_type=\"widget\" data-widget_type=\"text-editor.default\">\n\t\t\t\t<div class=\"elementor-widget-container\">\n\t\t\t\t\t\t\t<p><strong>Wir sind unendlich dankbar, Menschen gefunden zu haben, die es sich zur Aufgabe gemacht haben, in den Dienst an ihren Mitmenschen zu gehen. Mit ihrer tatkr\u00e4ftigen und finanziellen Unterst\u00fctzung war es m\u00f6glich, dem Netzwerk Quierschied ab dem 11.04.24 ein Zuhause zu geben. Vielen Dank f\u00fcr Euer Engagement und Euer soziales Handeln!<\/strong><\/p>\t\t\t\t\t\t<\/div>\n\t\t\t\t<\/div>\n\t\t\t\t<div class=\"elementor-element elementor-element-ceb23ca elementor-widget elementor-widget-image\" data-id=\"ceb23ca\" data-element_type=\"widget\" data-widget_type=\"image.default\">\n\t\t\t\t<div class=\"elementor-widget-container\">\n\t\t\t\t\t\t\t\t\t\t\t\t\t<img fetchpriority=\"high\" decoding=\"async\" width=\"580\" height=\"409\" src=\"https:\/\/netzwerkquierschied.de\/wp-content\/uploads\/2024\/06\/TreffpunktMensch_Final_JPEG-1024x722.jpg\" class=\"attachment-large size-large wp-image-2735\" alt=\"\" srcset=\"https:\/\/netzwerkquierschied.de\/wp-content\/uploads\/2024\/06\/TreffpunktMensch_Final_JPEG-1024x722.jpg 1024w, https:\/\/netzwerkquierschied.de\/wp-content\/uploads\/2024\/06\/TreffpunktMensch_Final_JPEG-300x211.jpg 300w, https:\/\/netzwerkquierschied.de\/wp-content\/uploads\/2024\/06\/TreffpunktMensch_Final_JPEG-768x541.jpg 768w, https:\/\/netzwerkquierschied.de\/wp-content\/uploads\/2024\/06\/TreffpunktMensch_Final_JPEG-1536x1083.jpg 1536w, https:\/\/netzwerkquierschied.de\/wp-content\/uploads\/2024\/06\/TreffpunktMensch_Final_JPEG-2048x1444.jpg 2048w\" sizes=\"(max-width: 580px) 100vw, 580px\" \/>\t\t\t\t\t\t\t\t\t\t\t\t\t<\/div>\n\t\t\t\t<\/div>\n\t\t\t\t<div class=\"elementor-element elementor-element-d6daf55 elementor-widget elementor-widget-heading\" data-id=\"d6daf55\" data-element_type=\"widget\" data-widget_type=\"heading.default\">\n\t\t\t\t<div class=\"elementor-widget-container\">\n\t\t\t<h2 class=\"elementor-heading-title elementor-size-default\">Das Netzwerk Quierschied ist gl\u00fccklich mit dem Treffpunkt:Mensch ein Zuhause gefunden zu haben<\/h2>\t\t<\/div>\n\t\t\t\t<\/div>\n\t\t\t\t<div class=\"elementor-element elementor-element-cb4099e elementor-widget elementor-widget-heading\" data-id=\"cb4099e\" data-element_type=\"widget\" data-widget_type=\"heading.default\">\n\t\t\t\t<div class=\"elementor-widget-container\">\n\t\t\t<h2 class=\"elementor-heading-title elementor-size-default\">Was bef\u00e4higt Menschen zum sozialen Handeln?<\/h2>\t\t<\/div>\n\t\t\t\t<\/div>\n\t\t\t\t<div class=\"elementor-element elementor-element-214404a elementor-widget elementor-widget-image\" data-id=\"214404a\" data-element_type=\"widget\" data-widget_type=\"image.default\">\n\t\t\t\t<div class=\"elementor-widget-container\">\n\t\t\t\t\t\t\t\t\t\t\t\t\t<img decoding=\"async\" width=\"580\" height=\"870\" src=\"https:\/\/netzwerkquierschied.de\/wp-content\/uploads\/2024\/10\/464502403_1272161537303591_5618696311161544693_n-683x1024.jpg\" class=\"attachment-large size-large wp-image-3545\" alt=\"\" srcset=\"https:\/\/netzwerkquierschied.de\/wp-content\/uploads\/2024\/10\/464502403_1272161537303591_5618696311161544693_n-683x1024.jpg 683w, https:\/\/netzwerkquierschied.de\/wp-content\/uploads\/2024\/10\/464502403_1272161537303591_5618696311161544693_n-200x300.jpg 200w, https:\/\/netzwerkquierschied.de\/wp-content\/uploads\/2024\/10\/464502403_1272161537303591_5618696311161544693_n-768x1151.jpg 768w, https:\/\/netzwerkquierschied.de\/wp-content\/uploads\/2024\/10\/464502403_1272161537303591_5618696311161544693_n-1025x1536.jpg 1025w, https:\/\/netzwerkquierschied.de\/wp-content\/uploads\/2024\/10\/464502403_1272161537303591_5618696311161544693_n-1200x1798.jpg 1200w, https:\/\/netzwerkquierschied.de\/wp-content\/uploads\/2024\/10\/464502403_1272161537303591_5618696311161544693_n.jpg 1344w\" sizes=\"(max-width: 580px) 100vw, 580px\" \/>\t\t\t\t\t\t\t\t\t\t\t\t\t<\/div>\n\t\t\t\t<\/div>\n\t\t\t\t<div class=\"elementor-element elementor-element-d220331 elementor-widget elementor-widget-text-editor\" data-id=\"d220331\" data-element_type=\"widget\" data-widget_type=\"text-editor.default\">\n\t\t\t\t<div class=\"elementor-widget-container\">\n\t\t\t\t\t\t\t<p style=\"text-align: left;\"><strong>Mit zunehmendem Verst\u00e4ndnis f\u00fcr das gesellschaftsbildende Bed\u00fcrfnis nach Gerechtigkeit werden sich Menschen unweigerlich sozialer, wirtschaftlicher oder kultureller Barrieren bewusst, die den geistigen und materiellen Fortschritt der Menschen hindern. Diese Barrieren sind vielschichtig:\u00a0 Kinder und Jugendliche, denen es an Unterst\u00fctzung in ihrer Erziehung und Bildung mangelt. Erwachsene, denen die Zw\u00e4nge des Broterwerbs die Entfaltung ihrer Potentiale behindern.\u00a0 Familien, die Hilfe brauchen, um sich im Gestr\u00fcpp von Regularien, Gesetzen und Versorgungssystemen zurechtzufinden. Eine ganze Gemeinde, dem es an der Befriedigung des einen oder anderen Grundbed\u00fcrfnis mangelt. Oder seit langem bestehende Vorurteile aufgrund von traditionellen Feindseligkeiten zwischen verschiedenen Gruppen. All diese Barrieren verursachen oftmals Entt\u00e4uschungen, Apathie und R\u00fcckzug &#8211; obwohl sie eigentlich unsere Einsatzbereitschaft erfordern, auf solche Realit\u00e4ten zu reagieren.<\/strong><\/p><p style=\"text-align: left;\"><strong>Beim Nachdenken \u00fcber diese Situationen wird offensichtlich, dass die Festigung sozialen Handelns und das Beitragen zu vorherrschenden Diskursen von so vielen B\u00fcrgern wie m\u00f6glich vorangetrieben werden muss. Nicht der R\u00fcckzug ins Private, nicht das Durchsetzen von Einzelinteressen kann den Fortschritt einer Gesellschaft vorangetragen. B\u00fcrgerinitiativen, die nur einem eingeschr\u00e4nkten Interesse Rechnung tragen, k\u00f6nnen dem geistigen, sozialen und materiellen Vorankommen der Gesellschaft nicht wirklich dienen. Unter dem Gerechtigkeitsaspekt gilt es zwangsl\u00e4ufig, alle Bem\u00fchungen innerhalb eines gemeinsamen Handlungsrahmens auf einem Netzwerk aufzubauen, das die verschiedenen Bed\u00fcrfnisse koh\u00e4rent in das Gesamtmuster der Aktivit\u00e4ten b\u00fcndelt.<\/strong><\/p><p style=\"text-align: left;\"><strong>Kommunikation \u00fcber Trennendes hinweg und die Beteiligung einer wachsenden Gemeinschaft wohlmeinender B\u00fcrger ist die Voraussetzung f\u00fcr eine Besserung unseres Zusammenlebens.<\/strong><\/p>\t\t\t\t\t\t<\/div>\n\t\t\t\t<\/div>\n\t\t\t\t\t<\/div>\n\t\t<\/div>\n\t\t\t\t\t<\/div>\n\t\t<\/section>\n\t\t\t\t<\/div>\n\t\t","protected":false},"excerpt":{"rendered":"<p>Es gibt nichts Gutes, au\u00dfer man tut es&#8230; Wir sind unendlich dankbar, Menschen gefunden zu haben, die es sich zur Aufgabe gemacht haben, in den Dienst an ihren Mitmenschen zu gehen. Mit ihrer tatkr\u00e4ftigen und finanziellen Unterst\u00fctzung war es m\u00f6glich, dem Netzwerk Quierschied ab dem 11.04.24 ein Zuhause zu geben. Vielen Dank f\u00fcr Euer Engagement [&hellip;]<\/p>\n","protected":false},"author":1,"featured_media":2755,"parent":0,"menu_order":0,"comment_status":"closed","ping_status":"closed","template":"elementor_theme","meta":{"footnotes":""},"class_list":["post-2393","page","type-page","status-publish","has-post-thumbnail","hentry"],"_links":{"self":[{"href":"https:\/\/netzwerkquierschied.de\/index.php?rest_route=\/wp\/v2\/pages\/2393","targetHints":{"allow":["GET"]}}],"collection":[{"href":"https:\/\/netzwerkquierschied.de\/index.php?rest_route=\/wp\/v2\/pages"}],"about":[{"href":"https:\/\/netzwerkquierschied.de\/index.php?rest_route=\/wp\/v2\/types\/page"}],"author":[{"embeddable":true,"href":"https:\/\/netzwerkquierschied.de\/index.php?rest_route=\/wp\/v2\/users\/1"}],"replies":[{"embeddable":true,"href":"https:\/\/netzwerkquierschied.de\/index.php?rest_route=%2Fwp%2Fv2%2Fcomments&post=2393"}],"version-history":[{"count":189,"href":"https:\/\/netzwerkquierschied.de\/index.php?rest_route=\/wp\/v2\/pages\/2393\/revisions"}],"predecessor-version":[{"id":3554,"href":"https:\/\/netzwerkquierschied.de\/index.php?rest_route=\/wp\/v2\/pages\/2393\/revisions\/3554"}],"wp:featuredmedia":[{"embeddable":true,"href":"https:\/\/netzwerkquierschied.de\/index.php?rest_route=\/wp\/v2\/media\/2755"}],"wp:attachment":[{"href":"https:\/\/netzwerkquierschied.de\/index.php?rest_route=%2Fwp%2Fv2%2Fmedia&parent=2393"}],"curies":[{"name":"wp","href":"https:\/\/api.w.org\/{rel}","templated":true}]}}