{"id":889,"date":"2019-11-06T13:27:21","date_gmt":"2019-11-06T13:27:21","guid":{"rendered":"http:\/\/thegov.wgl-demo.net\/?page_id=889"},"modified":"2024-07-03T11:04:04","modified_gmt":"2024-07-03T09:04:04","slug":"our-team","status":"publish","type":"page","link":"https:\/\/netzwerkquierschied.de\/?page_id=889","title":{"rendered":"Unser Team"},"content":{"rendered":"\t\t<div data-elementor-type=\"wp-page\" data-elementor-id=\"889\" class=\"elementor elementor-889\" data-elementor-post-type=\"page\">\n\t\t\t\t\t\t<section class=\"elementor-section elementor-top-section elementor-element elementor-element-1cb38ba9 elementor-section-boxed elementor-section-height-default elementor-section-height-default\" data-id=\"1cb38ba9\" data-element_type=\"section\">\n\t\t\t\t\t\t<div class=\"elementor-container elementor-column-gap-default\">\n\t\t\t\t\t<div class=\"elementor-column elementor-col-100 elementor-top-column elementor-element elementor-element-4f9a665d\" data-id=\"4f9a665d\" data-element_type=\"column\">\n\t\t\t<div class=\"elementor-widget-wrap elementor-element-populated\">\n\t\t\t\t\t\t<div class=\"elementor-element elementor-element-69674202 elementor-widget elementor-widget-text-editor\" data-id=\"69674202\" data-element_type=\"widget\" data-widget_type=\"text-editor.default\">\n\t\t\t\t<div class=\"elementor-widget-container\">\n\t\t\t\t\t\t\t<h3 style=\"text-align: left;\"><span style=\"color: #ccffcc;\">Einige unserer flei\u00dfigen Netzwerker\u00a0<\/span><\/h3><h3 style=\"text-align: left;\"><span style=\"color: #ccffcc; font-size: 24px;\">in willk\u00fcrlicher Reihenfolge<\/span><\/h3><p style=\"text-align: left;\"><span style=\"color: #ccffff;\">und nat\u00fcrlich gibt es noch viele, viele mehr&#8230;<\/span><\/p><p><img fetchpriority=\"high\" decoding=\"async\" class=\"alignnone wp-image-2616\" src=\"https:\/\/netzwerkquierschied.de\/wp-content\/uploads\/2023\/03\/pic.jpg\" alt=\"\" width=\"300\" height=\"277\" \/><\/p><h2 style=\"text-align: center;\"><span style=\"color: #ccffff;\"><a style=\"color: #ccffff;\" href=\"https:\/\/netzwerkquierschied.de\/?team=ferah-aksoy-burkert\">Ferah Aksoy-Burkert<\/a><\/span><\/h2><p style=\"text-align: center;\"><span style=\"color: #ccffff;\"><strong>Gr\u00fcndungsmitglied, psychologische Psychotherapeutin<\/strong><\/span><\/p><p><img decoding=\"async\" class=\"alignnone size-medium wp-image-2498\" src=\"https:\/\/netzwerkquierschied.de\/wp-content\/uploads\/2022\/09\/Karinlawall-199x300.jpeg\" alt=\"\" width=\"199\" height=\"300\" srcset=\"https:\/\/netzwerkquierschied.de\/wp-content\/uploads\/2022\/09\/Karinlawall-199x300.jpeg 199w, https:\/\/netzwerkquierschied.de\/wp-content\/uploads\/2022\/09\/Karinlawall-680x1024.jpeg 680w, https:\/\/netzwerkquierschied.de\/wp-content\/uploads\/2022\/09\/Karinlawall-768x1156.jpeg 768w, https:\/\/netzwerkquierschied.de\/wp-content\/uploads\/2022\/09\/Karinlawall.jpeg 854w\" sizes=\"(max-width: 199px) 100vw, 199px\" \/><\/p><h2><span style=\"color: #ccffff;\">Karin Lawall<\/span><\/h2><p><span style=\"color: #ccffff;\"><strong>Gr\u00fcndungsmitglied, ehemalige B\u00fcrgermeisterin Quierschieds, Landesvorstand VdK<\/strong><\/span><\/p><p><img decoding=\"async\" class=\"alignnone wp-image-2251\" src=\"https:\/\/netzwerkquierschied.de\/wp-content\/uploads\/2022\/06\/Lothar-Strobel-1024x1024.jpg\" alt=\"\" width=\"300\" height=\"300\" srcset=\"https:\/\/netzwerkquierschied.de\/wp-content\/uploads\/2022\/06\/Lothar-Strobel-1024x1024.jpg 1024w, https:\/\/netzwerkquierschied.de\/wp-content\/uploads\/2022\/06\/Lothar-Strobel-300x300.jpg 300w, https:\/\/netzwerkquierschied.de\/wp-content\/uploads\/2022\/06\/Lothar-Strobel-150x150.jpg 150w, https:\/\/netzwerkquierschied.de\/wp-content\/uploads\/2022\/06\/Lothar-Strobel-768x768.jpg 768w, https:\/\/netzwerkquierschied.de\/wp-content\/uploads\/2022\/06\/Lothar-Strobel-1536x1536.jpg 1536w, https:\/\/netzwerkquierschied.de\/wp-content\/uploads\/2022\/06\/Lothar-Strobel-440x440.jpg 440w, https:\/\/netzwerkquierschied.de\/wp-content\/uploads\/2022\/06\/Lothar-Strobel-180x180.jpg 180w, https:\/\/netzwerkquierschied.de\/wp-content\/uploads\/2022\/06\/Lothar-Strobel-120x120.jpg 120w, https:\/\/netzwerkquierschied.de\/wp-content\/uploads\/2022\/06\/Lothar-Strobel-540x540.jpg 540w, https:\/\/netzwerkquierschied.de\/wp-content\/uploads\/2022\/06\/Lothar-Strobel-1080x1080.jpg 1080w, https:\/\/netzwerkquierschied.de\/wp-content\/uploads\/2022\/06\/Lothar-Strobel-240x240.jpg 240w, https:\/\/netzwerkquierschied.de\/wp-content\/uploads\/2022\/06\/Lothar-Strobel.jpg 2000w\" sizes=\"(max-width: 300px) 100vw, 300px\" \/><\/p><h2><span style=\"color: #ccffff;\">Lothar Strobel<\/span><\/h2><p><span style=\"color: #ccffff;\"><strong>Reparatur-Zirkel Quierschied<\/strong><\/span><\/p><p><img loading=\"lazy\" decoding=\"async\" class=\"alignnone size-medium wp-image-2614\" src=\"https:\/\/netzwerkquierschied.de\/wp-content\/uploads\/2023\/03\/Dietrich-Strohmaier-photographiert-im-Be-4-300x293.jpg\" alt=\"\" width=\"300\" height=\"293\" srcset=\"https:\/\/netzwerkquierschied.de\/wp-content\/uploads\/2023\/03\/Dietrich-Strohmaier-photographiert-im-Be-4-300x293.jpg 300w, https:\/\/netzwerkquierschied.de\/wp-content\/uploads\/2023\/03\/Dietrich-Strohmaier-photographiert-im-Be-4-768x751.jpg 768w, https:\/\/netzwerkquierschied.de\/wp-content\/uploads\/2023\/03\/Dietrich-Strohmaier-photographiert-im-Be-4.jpg 1024w\" sizes=\"(max-width: 300px) 100vw, 300px\" \/><\/p><h2><span style=\"color: #ccffff;\">Dietrich A. Strohmaier<\/span><\/h2><p><span style=\"color: #ccffff;\"><strong>Buchautor &#8222;Mensch &#8211; wie weiter&#8220;<\/strong><\/span><\/p><p><span style=\"color: #ccffff;\"><img loading=\"lazy\" decoding=\"async\" class=\"alignnone wp-image-2615 size-medium\" src=\"https:\/\/netzwerkquierschied.de\/wp-content\/uploads\/2023\/03\/273486710_6939343319470565_285773990416054012_n-300x300.jpg\" alt=\"\" width=\"300\" height=\"300\" srcset=\"https:\/\/netzwerkquierschied.de\/wp-content\/uploads\/2023\/03\/273486710_6939343319470565_285773990416054012_n-300x300.jpg 300w, https:\/\/netzwerkquierschied.de\/wp-content\/uploads\/2023\/03\/273486710_6939343319470565_285773990416054012_n-150x150.jpg 150w, https:\/\/netzwerkquierschied.de\/wp-content\/uploads\/2023\/03\/273486710_6939343319470565_285773990416054012_n-440x440.jpg 440w, https:\/\/netzwerkquierschied.de\/wp-content\/uploads\/2023\/03\/273486710_6939343319470565_285773990416054012_n-180x180.jpg 180w, https:\/\/netzwerkquierschied.de\/wp-content\/uploads\/2023\/03\/273486710_6939343319470565_285773990416054012_n-120x120.jpg 120w, https:\/\/netzwerkquierschied.de\/wp-content\/uploads\/2023\/03\/273486710_6939343319470565_285773990416054012_n.jpg 720w\" sizes=\"(max-width: 300px) 100vw, 300px\" \/><\/span><\/p><h2><span style=\"color: #ccffff;\">Roswitha Schmidt<\/span><\/h2><p><span style=\"color: #ccffff;\"><strong>Fischbacherin, Elli&#8220;sbackpfote<\/strong><\/span><\/p><p><span style=\"color: #ccffff;\"><img loading=\"lazy\" decoding=\"async\" class=\"alignnone size-medium wp-image-2287\" src=\"https:\/\/netzwerkquierschied.de\/wp-content\/uploads\/2022\/06\/IMG-20220603-WA0014-225x300.jpg\" alt=\"\" width=\"225\" height=\"300\" srcset=\"https:\/\/netzwerkquierschied.de\/wp-content\/uploads\/2022\/06\/IMG-20220603-WA0014-225x300.jpg 225w, https:\/\/netzwerkquierschied.de\/wp-content\/uploads\/2022\/06\/IMG-20220603-WA0014.jpg 768w\" sizes=\"(max-width: 225px) 100vw, 225px\" \/><\/span><\/p><h2><span style=\"color: #ccffff;\">Birgit Kreutzer<\/span><\/h2><p><span style=\"color: #ccffff;\"><strong>Gr\u00fcndungsmitglied, engagierte Quierschiederin, Mutter von 4 Kindern, 3 Katzen und 2 Hunden<\/strong><\/span><\/p><p><span style=\"color: #ccffff;\"><img loading=\"lazy\" decoding=\"async\" class=\"alignnone size-medium wp-image-2156\" src=\"https:\/\/netzwerkquierschied.de\/wp-content\/uploads\/2022\/05\/d6acc52c-2-287x300.jpg\" alt=\"\" width=\"287\" height=\"300\" srcset=\"https:\/\/netzwerkquierschied.de\/wp-content\/uploads\/2022\/05\/d6acc52c-2-287x300.jpg 287w, https:\/\/netzwerkquierschied.de\/wp-content\/uploads\/2022\/05\/d6acc52c-2-981x1024.jpg 981w, https:\/\/netzwerkquierschied.de\/wp-content\/uploads\/2022\/05\/d6acc52c-2-768x802.jpg 768w, https:\/\/netzwerkquierschied.de\/wp-content\/uploads\/2022\/05\/d6acc52c-2-1471x1536.jpg 1471w, https:\/\/netzwerkquierschied.de\/wp-content\/uploads\/2022\/05\/d6acc52c-2-1962x2048.jpg 1962w, https:\/\/netzwerkquierschied.de\/wp-content\/uploads\/2022\/05\/d6acc52c-2-1080x1127.jpg 1080w\" sizes=\"(max-width: 287px) 100vw, 287px\" \/><\/span><\/p><h2><span style=\"color: #ccffff;\">Sonja Jochum<\/span><\/h2><p><span style=\"color: #ccffff;\"><strong>Gr\u00fcndungsmitglied, Vorstandsmitglied Bah\u00e1&#8217;\u00ed-Frauen-Forum e.V., Ortsgruppe BFF Saarland, Webmasterin Netzwerk Quierschied<\/strong><\/span><\/p>\t\t\t\t\t\t<\/div>\n\t\t\t\t<\/div>\n\t\t\t\t\t<\/div>\n\t\t<\/div>\n\t\t\t\t\t<\/div>\n\t\t<\/section>\n\t\t\t\t<\/div>\n\t\t","protected":false},"excerpt":{"rendered":"<p>Einige unserer flei\u00dfigen Netzwerker\u00a0 in willk\u00fcrlicher Reihenfolge und nat\u00fcrlich gibt es noch viele, viele mehr&#8230; Ferah Aksoy-Burkert Gr\u00fcndungsmitglied, psychologische Psychotherapeutin Karin Lawall Gr\u00fcndungsmitglied, ehemalige B\u00fcrgermeisterin Quierschieds, Landesvorstand VdK Lothar Strobel Reparatur-Zirkel Quierschied Dietrich A. Strohmaier Buchautor &#8222;Mensch &#8211; wie weiter&#8220; Roswitha Schmidt Fischbacherin, Elli&#8220;sbackpfote Birgit Kreutzer Gr\u00fcndungsmitglied, engagierte Quierschiederin, Mutter von 4 Kindern, 3 Katzen [&hellip;]<\/p>\n","protected":false},"author":1,"featured_media":0,"parent":0,"menu_order":0,"comment_status":"closed","ping_status":"closed","template":"","meta":{"footnotes":""},"class_list":["post-889","page","type-page","status-publish","hentry"],"_links":{"self":[{"href":"https:\/\/netzwerkquierschied.de\/index.php?rest_route=\/wp\/v2\/pages\/889","targetHints":{"allow":["GET"]}}],"collection":[{"href":"https:\/\/netzwerkquierschied.de\/index.php?rest_route=\/wp\/v2\/pages"}],"about":[{"href":"https:\/\/netzwerkquierschied.de\/index.php?rest_route=\/wp\/v2\/types\/page"}],"author":[{"embeddable":true,"href":"https:\/\/netzwerkquierschied.de\/index.php?rest_route=\/wp\/v2\/users\/1"}],"replies":[{"embeddable":true,"href":"https:\/\/netzwerkquierschied.de\/index.php?rest_route=%2Fwp%2Fv2%2Fcomments&post=889"}],"version-history":[{"count":61,"href":"https:\/\/netzwerkquierschied.de\/index.php?rest_route=\/wp\/v2\/pages\/889\/revisions"}],"predecessor-version":[{"id":3130,"href":"https:\/\/netzwerkquierschied.de\/index.php?rest_route=\/wp\/v2\/pages\/889\/revisions\/3130"}],"wp:attachment":[{"href":"https:\/\/netzwerkquierschied.de\/index.php?rest_route=%2Fwp%2Fv2%2Fmedia&parent=889"}],"curies":[{"name":"wp","href":"https:\/\/api.w.org\/{rel}","templated":true}]}}